{"id":3,"date":"2026-01-29T13:41:11","date_gmt":"2026-01-29T13:41:11","guid":{"rendered":"https:\/\/rohrreinigung-paulsen.de\/?page_id=3"},"modified":"2026-02-02T19:43:14","modified_gmt":"2026-02-02T19:43:14","slug":"datenschutz","status":"publish","type":"page","link":"https:\/\/rohrreinigung-paulsen.de\/?page_id=3","title":{"rendered":"Datenschutz"},"content":{"rendered":"\n<p><strong>Datenschutzerkl\u00e4rung \u2013 Allgemeiner Hinweis und Pflichtinformationen<\/strong><\/p>\n\n\n\n<p><strong>Benennung der verantwortlichen Stelle<\/strong><br>\u200dDie verantwortliche Stelle f\u00fcr die Datenverarbeitung auf dieser Website ist:<\/p>\n\n\n\n<p><strong>Rohrreinigung Paulsen<\/strong><\/p>\n\n\n\n<p>Die verantwortliche Stelle entscheidet allein oder gemeinsam mit anderen \u00fcber die Zwecke und Mittel der Verarbeitung von personenbezogenen Daten (z.B. Namen, Kontaktdaten o. \u00c4.).<\/p>\n\n\n\n<p><strong>\u200dWiderruf Ihrer Einwilligung zur Datenverarbeitung<\/strong><br>\u200d<br>\u200dNur mit Ihrer ausdr\u00fccklichen Einwilligung sind einige Vorg\u00e4nge der Datenverarbeitung m\u00f6glich. Ein Widerruf Ihrer bereits erteilten Einwilligung ist jederzeit m\u00f6glich. F\u00fcr den Widerruf gen\u00fcgt eine formlose Mitteilung per E-Mail. Die Rechtm\u00e4\u00dfigkeit der bis zum Widerruf erfolgten Datenverarbeitung bleibt vom Widerruf unber\u00fchrt.<\/p>\n\n\n\n<p><strong>\u200dRecht auf Beschwerde bei der zust<\/strong><strong>\u00e4<\/strong><strong>ndigen Aufsichtsbeh<\/strong><strong>\u00f6<\/strong><strong>rde<\/strong><br>\u200d<br>\u200dAls Betroffener steht Ihnen im Falle eines datenschutzrechtlichen Versto\u00dfes ein Beschwerderecht bei der zust\u00e4ndigen Aufsichtsbeh\u00f6rde zu. Zust\u00e4ndige Aufsichtsbeh\u00f6rde bez\u00fcglich datenschutzrechtlicher Fragen ist der Landesdatenschutzbeauftragte des Bundeslandes, in dem sich der Sitz unseres Unternehmens befindet. Der folgende Link stellt eine Liste der Datenschutzbeauftragten sowie deren Kontaktdaten bereit: https:\/\/www.bfdi.bund.de\/DE\/Infothek<br>\/Anschriften_Links\/anschriften_links-node.html.<\/p>\n\n\n\n<p><strong>\u200dRecht auf Daten<\/strong><strong>\u00fc<\/strong><strong>bertragbarkeit<\/strong><br>\u200d<br>\u200dIhnen steht das Recht zu, Daten, die wir auf Grundlage Ihrer Einwilligung oder in Erf\u00fcllung eines Vertrags automatisiert verarbeiten, an sich oder an Dritte aush\u00e4ndigen zu lassen. Die Bereitstellung erfolgt in einem maschinenlesbaren Format. Sofern Sie die direkte \u00dcbertragung der Daten an einen anderen Verantwortlichen verlangen, erfolgt dies nur, soweit es technisch machbar ist.<\/p>\n\n\n\n<p><strong>\u200dRecht auf Auskunft, Berichtigung, Sperrung, L<\/strong><strong>\u00f6<\/strong><strong>schung<\/strong><\/p>\n\n\n\n<p>\u200dSie haben jederzeit im Rahmen der geltenden gesetzlichen Bestimmungen das Recht auf unentgeltliche Auskunft \u00fcber Ihre gespeicherten personenbezogenen Daten, Herkunft der Daten, deren Empf\u00e4nger und den Zweck der Datenverarbeitung und ggf. ein Recht auf Berichtigung, Sperrung oder L\u00f6schung dieser Daten. Diesbez\u00fcglich und auch zu weiteren Fragen zum Thema personenbezogene Daten k\u00f6nnen Sie sich jederzeit \u00fcber die im Impressum aufgef\u00fchrten Kontaktm\u00f6glichkeiten an uns wenden.<\/p>\n\n\n\n<p><strong>\u200dSSL- bzw. TLS-Verschl<\/strong><strong>\u00fc<\/strong><strong>sselung<\/strong><\/p>\n\n\n\n<p>\u200dAus Sicherheitsgr\u00fcnden und zum Schutz der \u00dcbertragung vertraulicher Inhalte, die Sie an uns als Seitenbetreiber senden, nutzt unsere Website eine SSL-bzw. TLS-Verschl\u00fcsselung. Damit sind Daten, die Sie \u00fcber diese Website \u00fcbermitteln, f\u00fcr Dritte nicht mitlesbar. Sie erkennen eine verschl\u00fcsselte Verbindung an der \u201ehttps:\/\/\u201c Adresszeile Ihres Browsers und am Schloss-Symbol in der Browserzeile.<\/p>\n\n\n\n<p><strong>\u200dGoogle Analytics<\/strong><\/p>\n\n\n\n<p>\u200dUnsere Website verwendet Funktionen des Webanalysedienstes Google Analytics. Anbieter des Webanalysedienstes ist die Google Inc., 1600 Amphitheatre Parkway, Mountain View, CA 94043, USA.Google Analytics verwendet \u201eCookies.\u201c Das sind kleine Textdateien, die Ihr Webbrowser auf Ihrem Endger\u00e4t speichert und eine Analyse der Website-Benutzung erm\u00f6glichen. Mittels Cookie erzeugte Informationen \u00fcber Ihre Benutzung unserer Website werden an einen Server von Google \u00fcbermittelt und dort gespeichert. Server-Standort ist im Regelfall die USA.Das Setzen von Google-Analytics-Cookies erfolgt auf Grundlage von Art. 6 Abs. 1 lit. f DSGVO. Als Betreiber dieser Website haben wir ein berechtigtes Interesse an der Analyse des Nutzerverhaltens, um unser Webangebot und ggf. auch Werbung zu optimieren.IP-AnonymisierungWir setzen Google Analytics in Verbindung mit der Funktion IP-Anonymisierung ein. Sie gew\u00e4hrleistet, dass Google Ihre IP-Adresse innerhalb von Mitgliedstaaten der Europ\u00e4ischen Union oder in anderen Vertragsstaaten des Abkommens \u00fcber den Europ\u00e4ischen Wirtschaftsraum vor der \u00dcbermittlung in die USA k\u00fcrzt. Es kann Ausnahmef\u00e4lle geben, in denen Google die volle IP-Adresse an einen Server in den USA \u00fcbertr\u00e4gt und dort k\u00fcrzt. In unserem Auftrag wird Google diese Informationen benutzen, um Ihre Nutzung der Website auszuwerten, um Reports \u00fcber Websiteaktivit\u00e4ten zu erstellen und um weitere mit der Websitenutzung und der Internetnutzung verbundene Dienstleistungen gegen\u00fcber uns zu erbringen. Es findet keine Zusammenf\u00fchrung der von Google Analytics \u00fcbermittelten IP-Adresse mit anderen Daten von Google statt.Browser PluginDas Setzen von Cookies durch Ihren Webbrowser ist verhinderbar. Einige Funktionen unserer Website k\u00f6nnten dadurch jedoch eingeschr\u00e4nkt werden. Ebenso k\u00f6nnen Sie die Erfassung von Daten bez\u00fcglich Ihrer Website-Nutzung einschlie\u00dflich Ihrer IP-Adresse mitsamt anschlie\u00dfender Verarbeitung durch Google unterbinden. Dies ist m\u00f6glich, indem Sie das \u00fcber folgenden Link erreichbare Browser-Plugin herunterladen und installieren: https:\/\/tools.google.com\/dlpage\/gaoptout?hl=de.<\/p>\n\n\n\n<p><strong>Widerspruch gegen die Datenerfassung<\/strong><\/p>\n\n\n\n<p>Sie k\u00f6nnen die Erfassung Ihrer Daten durch Google Analytics verhindern, indem Sie auf folgenden Link klicken. Es wird ein Opt-Out-Cookie gesetzt, der die Erfassung Ihrer Daten bei zuk\u00fcnftigen Besuchen unserer Website verhindert: Google Analytics deaktivieren.Einzelheiten zum Umgang mit Nutzerdaten bei Google Analytics finden Sie in der Datenschutzerkl\u00e4rung von Google: https:\/\/support.google.com<br>\/analytics\/answer\/6004245?hl=de.<\/p>\n\n\n\n<p><strong>Auftragsverarbeitung<\/strong><\/p>\n\n\n\n<p>Zur vollst\u00e4ndigen Erf\u00fcllung der gesetzlichen Datenschutzvorgaben haben wir mit Google einen Vertrag \u00fcber die Auftragsverarbeitung abgeschlossen.<\/p>\n\n\n\n<p><strong>Demografische Merkmale bei Google Analytics<\/strong><\/p>\n\n\n\n<p>Unsere Website verwendet die Funktion \u201cdemografische Merkmale\u201d von Google Analytics. Mit ihr lassen sich Berichte erstellen, die Aussagen zu Alter, Geschlecht und Interessen der Seitenbesucher enthalten. Diese Daten stammen aus interessenbezogener Werbung von Google sowie aus Besucherdaten von Drittanbietern. Eine Zuordnung der Daten zu einer bestimmten Person ist nicht m\u00f6glich. Sie k\u00f6nnen diese Funktion jederzeit deaktivieren. Dies ist \u00fcber die Anzeigeneinstellungen in Ihrem Google-Konto m\u00f6glich oder indem Sie die Erfassung Ihrer Daten durch Google Analytics, wie im Punkt \u201cWiderspruch gegen die Datenerfassung\u201d erl\u00e4utert, generell untersagen.<\/p>\n\n\n\n<p><strong>\u200d<\/strong><strong>Google AdWords und Google Conversion-Tracking<\/strong><\/p>\n\n\n\n<p>\u200dUnsere Website verwendet Google AdWords. Anbieter ist die Google Inc., 1600 Amphitheatre Parkway, Mountain View, CA 94043, United States. AdWords ist ein Online-Werbeprogramm. Im Rahmen des Online-Werbeprogramms arbeiten wir mit Conversion-Tracking. Nach einem Klick auf eine von Google geschaltete Anzeige wird ein Cookie f\u00fcr das Conversion-Tracking gesetzt. Cookies sind kleine Textdateien, die Ihr Webbrowser auf Ihrem Endger\u00e4t speichert. Google AdWords Cookies verlieren nach 30 Tagen ihre G\u00fcltigkeit und dienen nicht der pers\u00f6nlichen Identifizierung der Nutzer. Am Cookie k\u00f6nnen Google und wir erkennen, dass Sie auf eine Anzeige geklickt haben und zu unserer Website weitergeleitet wurden.Jeder Google AdWords-Kunde erh\u00e4lt ein anderes Cookie. Die Cookies sind nicht \u00fcber Websites von AdWords-Kunden nachverfolgbar. Mit Conversion-Cookies werden Conversion-Statistiken f\u00fcr AdWords-Kunden, die Conversion-Tracking einsetzen, erstellt. Adwords-Kunden erfahren wie viele Nutzer auf ihre Anzeige geklickt haben und auf Seiten mit Conversion-Tracking-Tag weitergeleitet wurden. AdWords-Kunden erhalten jedoch keine Informationen, die eine pers\u00f6nliche Identifikation der Nutzer erm\u00f6glichen. Wenn Sie nicht am Tracking teilnehmen m\u00f6chten, k\u00f6nnen Sie einer Nutzung widersprechen. Hier ist das Conversion-Cookie in den Nutzereinstellungen des Browsers zu deaktivieren. So findet auch keine Aufnahme in die Conversion-Tracking Statistiken statt.Die Speicherung von \u201cConversion-Cookies\u201d erfolgt auf Grundlage von Art. 6 Abs. 1 lit. f DSGVO.<\/p>\n\n\n\n<p>Wir als Websitebetreiber haben ein berechtigtes Interesse an der Analyse des Nutzerverhaltens, um unser Webangebot und unsere Werbung zu optimieren.Einzelheiten zu Google AdWords und Google Conversion-Tracking finden Sie in den Datenschutzbestimmungen von Google: https:\/\/www.google.de\/policies\/privacy\/.Mit einem modernen Webbrowser k\u00f6nnen Sie das Setzen von Cookies \u00fcberwachen, einschr\u00e4nken oder unterbinden. Die Deaktivierung von Cookies kann eine eingeschr\u00e4nkte Funktionalit\u00e4t unserer Website zur Folge haben.<\/p>\n\n\n\n<p><strong>Google Tag Manager \/ Google Analytics<\/strong><\/p>\n\n\n\n<p>Diese Website benutzt Google Analytics, einen Webanalysedienst der Google Inc. (\u201eGoogle\u201c). Google Analytics verwendet sog. \u201eCookies\u201c, Textdateien, die auf Ihrem Computer gespeichert werden und die eine Analyse der Benutzung der Website durch Sie erm\u00f6glichen. Die durch den Cookie erzeugten Informationen \u00fcber Ihre Benutzung dieser Website werden in der Regel an einen Server von Google in den USA \u00fcbertragen und dort gespeichert.<br>Im Falle der Aktivierung der IP-Anonymisierung auf dieser Webseite, wird Ihre IP-Adresse von Google jedoch innerhalb von Mitgliedstaaten der Europ\u00e4ischen Union oder in anderen Vertragsstaaten des Abkommens \u00fcber den Europ\u00e4ischen Wirtschaftsraum zuvor gek\u00fcrzt. Nur in Ausnahmef\u00e4llen wird die volle IP-Adresse an einen Server von Google in den USA \u00fcbertragen und dort gek\u00fcrzt. Die IP-Anonymisierung ist auf dieser Website aktiv. Im Auftrag des Betreibers dieser Website wird Google diese Informationen benutzen, um Ihre Nutzung der Website auszuwerten, um Reports \u00fcber die Websiteaktivit\u00e4ten zusammenzustellen und um weitere mit der Websitenutzung und der Internetnutzung verbundene Dienstleistungen gegen\u00fcber dem Websitebetreiber zu erbringen. Die im Rahmen von Google Analytics von Ihrem Browser \u00fcbermittelte IP-Adresse wird nicht mit anderen Daten von Google zusammengef\u00fchrt. Sie k\u00f6nnen die Speicherung der Cookies durch eine entsprechende Einstellung Ihrer Browser-Software verhindern; wir weisen Sie jedoch darauf hin, dass Sie in diesem Fall gegebenenfalls nicht s\u00e4mtliche Funktionen dieser Website vollumf\u00e4nglich werden nutzen k\u00f6nnen. Sie k\u00f6nnen dar\u00fcber hinaus die Erfassung der durch das Cookie erzeugten und auf Ihre Nutzung der Website bezogenen Daten (inkl. Ihrer IP-Adresse) an Google sowie die Verarbeitung dieser Daten durch Google verhindern, indem sie das unter dem folgenden Link verf\u00fcgbare Browser-Plugin herunterladen und installieren: tools.google.com\/dlpage\/gaoptout.<\/p>\n\n\n\n<p><strong>Call Tracking mit Matelso \/ searchperts Deutschland GmbH<\/strong><\/p>\n\n\n\n<p>Unsere Webseite benutzt einen Dienst der matelso GmbH, Stuttgart. Gestellt von searchperts Deutschland GmbH \/ searchperts.com. Wenn Sie auf einer von matelso f\u00fcr uns geschalteten Rufnummer anrufen, werden Informationen zu dem Telefonat in einen von uns verwendeten Webanalysedienst (z.B. Google Analytics) \u00fcbertragen. matelso liest ferner von unserem Analysedienst gesetzte Cookies oder andere Parameter der von Ihnen besuchten Internetseite aus, zum Beispiel referrer, document path, remote user agent. Die entsprechenden Informationen werden gem\u00e4\u00df unseren Weisungen von matelso verarbeitet und auf Servern in der EU gespeichert. N\u00e4here Informationen finden Sie auf: www.matelso.com\/privacy. Sie k\u00f6nnen die Speicherung von Cookies durch eine entsprechende Einstellung Ihrer Browsersoftware verhindern; wir weisen Sie jedoch darauf hin, dass Sie in diesem Fall ggf. nicht s\u00e4mtliche Funktionen dieser Webseite vollumf\u00e4nglich werden nutzen k\u00f6nnen.\u201c<\/p>\n\n\n\n<p>Quelle: Datenschutz-Konfigurator von mein-datenschutzbeauftragter.de<\/p>\n\n\n\n<p><strong>Cookies<\/strong><\/p>\n\n\n\n<p>Diese Webseite verwendet Cookies. Wir verwenden Cookies, um Inhalte und Anzeigen zu personalisieren, Funktionen f\u00fcr soziale Medien anbieten zu k\u00f6nnen und die Zugriffe auf unsere Website zu analysieren. Au\u00dferdem geben wir Informationen zu Ihrer Verwendung unserer Website an unsere Partner f\u00fcr soziale Medien, Werbung und Analysen weiter. Unsere Partner f\u00fchren diese Informationen m\u00f6glicherweise mit weiteren Daten zusammen, die Sie ihnen bereitgestellt haben oder die sie im Rahmen Ihrer Nutzung der Dienste gesammelt haben.<\/p>\n\n\n\n<p>Cookies sind kleine Textdateien, die von Webseiten verwendet werden, um die Benutzererfahrung effizienter zu gestalten.<\/p>\n\n\n\n<p>Laut Gesetz k\u00f6nnen wir Cookies auf Ihrem Ger\u00e4t speichern, wenn diese f\u00fcr den Betrieb dieser Seite unbedingt notwendig sind. F\u00fcr alle anderen Cookie-Typen ben\u00f6tigen wir Ihre Erlaubnis.<\/p>\n\n\n\n<p>Diese Seite verwendet unterschiedliche Cookie-Typen. Einige Cookies werden von Drittparteien platziert, die auf unseren Seiten erscheinen.<\/p>\n\n\n\n<p>Sie k\u00f6nnen Ihre Einwilligung jederzeit von der Cookie-Erkl\u00e4rung auf unserer Website \u00e4ndern oder widerrufen.<\/p>\n\n\n\n<p>Erfahren Sie in unserer Datenschutzrichtlinie mehr dar\u00fcber, wer wir sind, wie Sie uns kontaktieren k\u00f6nnen und wie wir personenbezogene Daten verarbeiten.<\/p>\n\n\n\n<p>Bitte geben Sie Ihre Einwilligungs-ID und das Datum an, wenn Sie uns bez\u00fcglich Ihrer Einwilligung kontaktieren.<\/p>\n\n\n\n<p><\/p>\n\n\n\n<p><\/p>\n","protected":false},"excerpt":{"rendered":"<p>Datenschutzerkl\u00e4rung \u2013 Allgemeiner Hinweis und Pflichtinformationen Benennung der verantwortlichen Stelle\u200dDie verantwortliche Stelle f\u00fcr die Datenverarbeitung auf dieser Website ist: Rohrreinigung Paulsen Die verantwortliche Stelle entscheidet allein oder gemeinsam mit anderen \u00fcber die Zwecke und Mittel der Verarbeitung von personenbezogenen Daten (z.B. Namen, Kontaktdaten o. \u00c4.). \u200dWiderruf Ihrer Einwilligung zur Datenverarbeitung\u200d\u200dNur mit Ihrer ausdr\u00fccklichen Einwilligung sind [&hellip;]<\/p>\n","protected":false},"author":1,"featured_media":0,"parent":0,"menu_order":0,"comment_status":"closed","ping_status":"open","template":"","meta":{"footnotes":""},"class_list":["post-3","page","type-page","status-publish","hentry"],"_links":{"self":[{"href":"https:\/\/rohrreinigung-paulsen.de\/index.php?rest_route=\/wp\/v2\/pages\/3","targetHints":{"allow":["GET"]}}],"collection":[{"href":"https:\/\/rohrreinigung-paulsen.de\/index.php?rest_route=\/wp\/v2\/pages"}],"about":[{"href":"https:\/\/rohrreinigung-paulsen.de\/index.php?rest_route=\/wp\/v2\/types\/page"}],"author":[{"embeddable":true,"href":"https:\/\/rohrreinigung-paulsen.de\/index.php?rest_route=\/wp\/v2\/users\/1"}],"replies":[{"embeddable":true,"href":"https:\/\/rohrreinigung-paulsen.de\/index.php?rest_route=%2Fwp%2Fv2%2Fcomments&post=3"}],"version-history":[{"count":1,"href":"https:\/\/rohrreinigung-paulsen.de\/index.php?rest_route=\/wp\/v2\/pages\/3\/revisions"}],"predecessor-version":[{"id":163,"href":"https:\/\/rohrreinigung-paulsen.de\/index.php?rest_route=\/wp\/v2\/pages\/3\/revisions\/163"}],"wp:attachment":[{"href":"https:\/\/rohrreinigung-paulsen.de\/index.php?rest_route=%2Fwp%2Fv2%2Fmedia&parent=3"}],"curies":[{"name":"wp","href":"https:\/\/api.w.org\/{rel}","templated":true}]}}